{"id":341,"date":"2025-10-21T15:35:59","date_gmt":"2025-10-21T15:35:59","guid":{"rendered":"https:\/\/n-p-b.com\/?page_id=341"},"modified":"2025-10-21T15:39:07","modified_gmt":"2025-10-21T15:39:07","slug":"politique-de-confidentialite","status":"publish","type":"page","link":"https:\/\/n-p-b.com\/index.php\/politique-de-confidentialite\/","title":{"rendered":"Politique de Confidentialit\u00e9"},"content":{"rendered":"\t\t<div data-elementor-type=\"wp-page\" data-elementor-id=\"341\" class=\"elementor elementor-341\">\n\t\t\t\t<div class=\"elementor-element elementor-element-7797b21a e-flex e-con-boxed wpr-particle-no wpr-jarallax-no wpr-parallax-no wpr-sticky-section-no e-con e-parent\" data-id=\"7797b21a\" data-element_type=\"container\">\n\t\t\t\t\t<div class=\"e-con-inner\">\n\t\t\t\t<div class=\"elementor-element elementor-element-ac4bc56 animated-slow elementor-invisible elementor-widget elementor-widget-heading\" data-id=\"ac4bc56\" data-element_type=\"widget\" data-settings=\"{&quot;_animation&quot;:&quot;fadeIn&quot;,&quot;_animation_delay&quot;:400}\" data-widget_type=\"heading.default\">\n\t\t\t\t\t<h2 class=\"elementor-heading-title elementor-size-default\">Politique de Confidentialit\u00e9<\/h2>\t\t\t\t<\/div>\n\t\t\t\t<div class=\"elementor-element elementor-element-3af053d animated-slow elementor-invisible elementor-widget elementor-widget-heading\" data-id=\"3af053d\" data-element_type=\"widget\" data-settings=\"{&quot;_animation&quot;:&quot;fadeIn&quot;,&quot;_animation_delay&quot;:400}\" data-widget_type=\"heading.default\">\n\t\t\t\t\t<h2 class=\"elementor-heading-title elementor-size-default\">Collecte des informations<\/h2>\t\t\t\t<\/div>\n\t\t\t\t<div class=\"elementor-element elementor-element-6dcc97d elementor-widget elementor-widget-text-editor\" data-id=\"6dcc97d\" data-element_type=\"widget\" data-widget_type=\"text-editor.default\">\n\t\t\t\t\t\t\t\t\t<p data-start=\"177\" data-end=\"400\"><strong data-start=\"177\" data-end=\"184\">NPB<\/strong> s\u2019engage \u00e0 respecter votre vie priv\u00e9e et \u00e0 prot\u00e9ger les informations que vous nous communiquez.<br data-start=\"280\" data-end=\"283\" \/>Cette politique de confidentialit\u00e9 d\u00e9crit comment nous recueillons, utilisons et prot\u00e9geons vos donn\u00e9es personnelles.<\/p><p data-start=\"402\" data-end=\"446\">Nous collectons les informations suivantes :<\/p><ul data-start=\"448\" data-end=\"606\"><li data-start=\"448\" data-end=\"465\"><p data-start=\"450\" data-end=\"465\">Nom et pr\u00e9nom<\/p><\/li><li data-start=\"466\" data-end=\"483\"><p data-start=\"468\" data-end=\"483\">Adresse email<\/p><\/li><li data-start=\"484\" data-end=\"507\"><p data-start=\"486\" data-end=\"507\">Num\u00e9ro de t\u00e9l\u00e9phone<\/p><\/li><li data-start=\"508\" data-end=\"527\"><p data-start=\"510\" data-end=\"527\">Adresse postale<\/p><\/li><li data-start=\"528\" data-end=\"580\"><p data-start=\"530\" data-end=\"580\">Informations de paiement (pour les r\u00e9servations)<\/p><\/li><li data-start=\"581\" data-end=\"606\"><p data-start=\"583\" data-end=\"606\">Donn\u00e9es de navigation<\/p><\/li><\/ul>\t\t\t\t\t\t\t\t<\/div>\n\t\t\t\t<div class=\"elementor-element elementor-element-a8a68ea animated-slow elementor-invisible elementor-widget elementor-widget-heading\" data-id=\"a8a68ea\" data-element_type=\"widget\" data-settings=\"{&quot;_animation&quot;:&quot;fadeIn&quot;,&quot;_animation_delay&quot;:400}\" data-widget_type=\"heading.default\">\n\t\t\t\t\t<h2 class=\"elementor-heading-title elementor-size-default\">Utilisation des informations<\/h2>\t\t\t\t<\/div>\n\t\t\t\t<div class=\"elementor-element elementor-element-229f15e elementor-widget elementor-widget-text-editor\" data-id=\"229f15e\" data-element_type=\"widget\" data-widget_type=\"text-editor.default\">\n\t\t\t\t\t\t\t\t\t<p data-start=\"646\" data-end=\"704\">Les informations que nous collectons sont utilis\u00e9es pour :<\/p><ul data-start=\"706\" data-end=\"957\"><li data-start=\"706\" data-end=\"744\"><p data-start=\"708\" data-end=\"744\">G\u00e9rer vos r\u00e9servations et demandes<\/p><\/li><li data-start=\"745\" data-end=\"783\"><p data-start=\"747\" data-end=\"783\">Vous fournir les services demand\u00e9s<\/p><\/li><li data-start=\"784\" data-end=\"818\"><p data-start=\"786\" data-end=\"818\">Personnaliser votre exp\u00e9rience<\/p><\/li><li data-start=\"819\" data-end=\"859\"><p data-start=\"821\" data-end=\"859\">Am\u00e9liorer notre site et nos services<\/p><\/li><li data-start=\"860\" data-end=\"919\"><p data-start=\"862\" data-end=\"919\">Communiquer avec vous concernant nos offres et services<\/p><\/li><li data-start=\"920\" data-end=\"957\"><p data-start=\"922\" data-end=\"957\">Respecter nos obligations l\u00e9gales<\/p><\/li><\/ul>\t\t\t\t\t\t\t\t<\/div>\n\t\t\t\t<div class=\"elementor-element elementor-element-e267fbf animated-slow elementor-invisible elementor-widget elementor-widget-heading\" data-id=\"e267fbf\" data-element_type=\"widget\" data-settings=\"{&quot;_animation&quot;:&quot;fadeIn&quot;,&quot;_animation_delay&quot;:400}\" data-widget_type=\"heading.default\">\n\t\t\t\t\t<h2 class=\"elementor-heading-title elementor-size-default\">Conservation des donn\u00e9es<\/h2>\t\t\t\t<\/div>\n\t\t\t\t<div class=\"elementor-element elementor-element-0f85680 elementor-widget elementor-widget-text-editor\" data-id=\"0f85680\" data-element_type=\"widget\" data-widget_type=\"text-editor.default\">\n\t\t\t\t\t\t\t\t\t<p data-start=\"993\" data-end=\"1183\">Vos donn\u00e9es personnelles sont conserv\u00e9es pour la dur\u00e9e n\u00e9cessaire \u00e0 la r\u00e9alisation des finalit\u00e9s pour lesquelles elles ont \u00e9t\u00e9 collect\u00e9es, et conform\u00e9ment aux obligations l\u00e9gales en vigueur.<\/p>\t\t\t\t\t\t\t\t<\/div>\n\t\t\t\t<div class=\"elementor-element elementor-element-bf968e3 animated-slow elementor-invisible elementor-widget elementor-widget-heading\" data-id=\"bf968e3\" data-element_type=\"widget\" data-settings=\"{&quot;_animation&quot;:&quot;fadeIn&quot;,&quot;_animation_delay&quot;:400}\" data-widget_type=\"heading.default\">\n\t\t\t\t\t<h2 class=\"elementor-heading-title elementor-size-default\">Partage des informations<\/h2>\t\t\t\t<\/div>\n\t\t\t\t<div class=\"elementor-element elementor-element-c98fd47 elementor-widget elementor-widget-text-editor\" data-id=\"c98fd47\" data-element_type=\"widget\" data-widget_type=\"text-editor.default\">\n\t\t\t\t\t\t\t\t\t<p data-start=\"1219\" data-end=\"1339\">Nous ne vendons, n\u2019\u00e9changeons, ni ne transf\u00e9rons vos informations personnelles \u00e0 des tiers, sauf dans les cas suivants :<\/p><ul data-start=\"1341\" data-end=\"1629\"><li data-start=\"1341\" data-end=\"1533\"><p data-start=\"1343\" data-end=\"1533\">Aux prestataires de services qui nous assistent dans l\u2019exploitation de notre site ou la fourniture de nos services (ex. : h\u00e9bergeur, prestataires techniques, plateformes de paiement, etc.)<\/p><\/li><li data-start=\"1534\" data-end=\"1561\"><p data-start=\"1536\" data-end=\"1561\">Si la loi nous y oblige<\/p><\/li><li data-start=\"1562\" data-end=\"1629\"><p data-start=\"1564\" data-end=\"1629\">En cas de fusion, acquisition ou vente d\u2019actifs de l\u2019entreprise<\/p><\/li><\/ul>\t\t\t\t\t\t\t\t<\/div>\n\t\t\t\t<div class=\"elementor-element elementor-element-0f23376 animated-slow elementor-invisible elementor-widget elementor-widget-heading\" data-id=\"0f23376\" data-element_type=\"widget\" data-settings=\"{&quot;_animation&quot;:&quot;fadeIn&quot;,&quot;_animation_delay&quot;:400}\" data-widget_type=\"heading.default\">\n\t\t\t\t\t<h2 class=\"elementor-heading-title elementor-size-default\">Protection des informations<\/h2>\t\t\t\t<\/div>\n\t\t\t\t<div class=\"elementor-element elementor-element-e423d5c elementor-widget elementor-widget-text-editor\" data-id=\"e423d5c\" data-element_type=\"widget\" data-widget_type=\"text-editor.default\">\n\t\t\t\t\t\t\t\t\t<p data-start=\"1668\" data-end=\"1882\">Nous mettons en \u0153uvre des <strong data-start=\"1694\" data-end=\"1762\">mesures de s\u00e9curit\u00e9 techniques et organisationnelles appropri\u00e9es<\/strong> pour prot\u00e9ger vos informations personnelles contre tout acc\u00e8s non autoris\u00e9, modification, divulgation ou destruction.<\/p><p data-start=\"1884\" data-end=\"1997\">Nos prestataires sont \u00e9galement soumis \u00e0 une obligation de confidentialit\u00e9 et de s\u00e9curit\u00e9 concernant vos donn\u00e9es.<\/p>\t\t\t\t\t\t\t\t<\/div>\n\t\t\t\t<div class=\"elementor-element elementor-element-420fb62 animated-slow elementor-invisible elementor-widget elementor-widget-heading\" data-id=\"420fb62\" data-element_type=\"widget\" data-settings=\"{&quot;_animation&quot;:&quot;fadeIn&quot;,&quot;_animation_delay&quot;:400}\" data-widget_type=\"heading.default\">\n\t\t\t\t\t<h2 class=\"elementor-heading-title elementor-size-default\">Vos droits<\/h2>\t\t\t\t<\/div>\n\t\t\t\t<div class=\"elementor-element elementor-element-6a97c6b elementor-widget elementor-widget-text-editor\" data-id=\"6a97c6b\" data-element_type=\"widget\" data-widget_type=\"text-editor.default\">\n\t\t\t\t\t\t\t\t\t<p data-start=\"2019\" data-end=\"2130\">Conform\u00e9ment au <strong data-start=\"2035\" data-end=\"2093\">R\u00e8glement G\u00e9n\u00e9ral sur la Protection des Donn\u00e9es (RGPD)<\/strong>, vous disposez des droits suivants :<\/p><ul data-start=\"2132\" data-end=\"2434\"><li data-start=\"2132\" data-end=\"2163\"><p data-start=\"2134\" data-end=\"2163\">Droit d\u2019acc\u00e8s \u00e0 vos donn\u00e9es<\/p><\/li><li data-start=\"2164\" data-end=\"2190\"><p data-start=\"2166\" data-end=\"2190\">Droit de rectification<\/p><\/li><li data-start=\"2191\" data-end=\"2233\"><p data-start=\"2193\" data-end=\"2233\">Droit \u00e0 l\u2019effacement (droit \u00e0 l\u2019oubli)<\/p><\/li><li data-start=\"2234\" data-end=\"2273\"><p data-start=\"2236\" data-end=\"2273\">Droit \u00e0 la limitation du traitement<\/p><\/li><li data-start=\"2274\" data-end=\"2312\"><p data-start=\"2276\" data-end=\"2312\">Droit \u00e0 la portabilit\u00e9 des donn\u00e9es<\/p><\/li><li data-start=\"2313\" data-end=\"2335\"><p data-start=\"2315\" data-end=\"2335\">Droit d\u2019opposition<\/p><\/li><li data-start=\"2336\" data-end=\"2434\"><p data-start=\"2338\" data-end=\"2434\">Droit de ne pas faire l\u2019objet d\u2019une d\u00e9cision fond\u00e9e exclusivement sur un traitement automatis\u00e9<\/p><\/li><\/ul><p data-start=\"2436\" data-end=\"2625\">Pour exercer ces droits, vous pouvez nous contacter :<br data-start=\"2489\" data-end=\"2492\" \/>\ud83d\udce7 <strong data-start=\"2495\" data-end=\"2516\"><a class=\"decorated-link cursor-pointer\" rel=\"noopener\" data-start=\"2497\" data-end=\"2514\">contact@n-p-b.com<\/a><\/strong><br data-start=\"2516\" data-end=\"2519\" \/>\ud83d\udccd Ou par courrier \u00e0 l\u2019adresse suivante :<br data-start=\"2560\" data-end=\"2563\" \/><strong data-start=\"2563\" data-end=\"2625\">NPB \u2014 71 Boulevard de la Comtesse, 13012 MARSEILLE, FRANCE<\/strong><\/p><p data-start=\"2627\" data-end=\"2713\">Nous pourrons vous demander un justificatif d\u2019identit\u00e9 avant de traiter votre demande.<\/p>\t\t\t\t\t\t\t\t<\/div>\n\t\t\t\t<div class=\"elementor-element elementor-element-187f368 animated-slow elementor-invisible elementor-widget elementor-widget-heading\" data-id=\"187f368\" data-element_type=\"widget\" data-settings=\"{&quot;_animation&quot;:&quot;fadeIn&quot;,&quot;_animation_delay&quot;:400}\" data-widget_type=\"heading.default\">\n\t\t\t\t\t<h2 class=\"elementor-heading-title elementor-size-default\">Modifications de notre politique de confidentialit\u00e9<\/h2>\t\t\t\t<\/div>\n\t\t\t\t<div class=\"elementor-element elementor-element-a216e8a elementor-widget elementor-widget-text-editor\" data-id=\"a216e8a\" data-element_type=\"widget\" data-widget_type=\"text-editor.default\">\n\t\t\t\t\t\t\t\t\t<p data-start=\"3138\" data-end=\"3371\">Nous pouvons \u00eatre amen\u00e9s \u00e0 modifier cette politique de confidentialit\u00e9 \u00e0 tout moment afin de refl\u00e9ter les \u00e9volutions l\u00e9gales, techniques ou commerciales.<br data-start=\"3291\" data-end=\"3294\" \/>Toute modification sera publi\u00e9e sur cette page avec la date de mise \u00e0 jour.<\/p><p data-start=\"3373\" data-end=\"3417\"><strong data-start=\"3373\" data-end=\"3399\">Derni\u00e8re mise \u00e0 jour :<\/strong> 21 septembre 2025<\/p>\t\t\t\t\t\t\t\t<\/div>\n\t\t\t\t\t<\/div>\n\t\t\t\t<\/div>\n\t\t\t\t<\/div>\n\t\t","protected":false},"excerpt":{"rendered":"<p>Politique de Confidentialit\u00e9 Collecte des informations NPB s\u2019engage \u00e0 respecter votre vie priv\u00e9e et \u00e0 prot\u00e9ger les informations que vous nous communiquez.Cette politique de confidentialit\u00e9 d\u00e9crit comment nous recueillons, utilisons et prot\u00e9geons vos donn\u00e9es personnelles. Nous collectons les informations suivantes : Nom et pr\u00e9nom Adresse email Num\u00e9ro de t\u00e9l\u00e9phone Adresse postale Informations de paiement (pour les r\u00e9servations) Donn\u00e9es de navigation Utilisation des informations Les informations que nous collectons sont utilis\u00e9es pour : G\u00e9rer vos r\u00e9servations et demandes Vous fournir les services demand\u00e9s Personnaliser votre exp\u00e9rience Am\u00e9liorer notre site et nos services Communiquer avec vous concernant nos offres et services Respecter nos obligations l\u00e9gales Conservation des donn\u00e9es Vos donn\u00e9es personnelles sont conserv\u00e9es pour la dur\u00e9e n\u00e9cessaire \u00e0 la r\u00e9alisation des finalit\u00e9s pour lesquelles elles ont \u00e9t\u00e9 collect\u00e9es, et conform\u00e9ment aux obligations l\u00e9gales en vigueur. Partage des informations Nous ne vendons, n\u2019\u00e9changeons, ni ne transf\u00e9rons vos informations personnelles \u00e0 des tiers, sauf dans les cas suivants : Aux prestataires de services qui nous assistent dans l\u2019exploitation de notre site ou la fourniture de nos services (ex. : h\u00e9bergeur, prestataires techniques, plateformes de paiement, etc.) Si la loi nous y oblige En cas de fusion, acquisition ou vente d\u2019actifs de l\u2019entreprise Protection des informations Nous mettons en \u0153uvre des mesures de s\u00e9curit\u00e9 techniques et organisationnelles appropri\u00e9es pour prot\u00e9ger vos informations personnelles contre tout acc\u00e8s non autoris\u00e9, modification, divulgation ou destruction. Nos prestataires sont \u00e9galement soumis \u00e0 une obligation de confidentialit\u00e9 et de s\u00e9curit\u00e9 concernant vos donn\u00e9es. Vos droits Conform\u00e9ment au R\u00e8glement G\u00e9n\u00e9ral sur la Protection des Donn\u00e9es (RGPD), vous disposez des droits suivants : Droit d\u2019acc\u00e8s \u00e0 vos donn\u00e9es Droit de rectification Droit \u00e0 l\u2019effacement (droit \u00e0 l\u2019oubli) Droit \u00e0 la limitation du traitement Droit \u00e0 la portabilit\u00e9 des donn\u00e9es Droit d\u2019opposition Droit de ne pas faire l\u2019objet d\u2019une d\u00e9cision fond\u00e9e exclusivement sur un traitement automatis\u00e9 Pour exercer ces droits, vous pouvez nous contacter :\ud83d\udce7 contact@n-p-b.com\ud83d\udccd Ou par courrier \u00e0 l\u2019adresse suivante :NPB \u2014 71 Boulevard de la Comtesse, 13012 MARSEILLE, FRANCE Nous pourrons vous demander un justificatif d\u2019identit\u00e9 avant de traiter votre demande. Modifications de notre politique de confidentialit\u00e9 Nous pouvons \u00eatre amen\u00e9s \u00e0 modifier cette politique de confidentialit\u00e9 \u00e0 tout moment afin de refl\u00e9ter les \u00e9volutions l\u00e9gales, techniques ou commerciales.Toute modification sera publi\u00e9e sur cette page avec la date de mise \u00e0 jour. Derni\u00e8re mise \u00e0 jour : 21 septembre 2025<\/p>\n","protected":false},"author":1,"featured_media":0,"parent":0,"menu_order":0,"comment_status":"closed","ping_status":"closed","template":"elementor_header_footer","meta":{"_eb_attr":"","footnotes":""},"class_list":["post-341","page","type-page","status-publish","hentry"],"_hostinger_reach_plugin_has_subscription_block":false,"_hostinger_reach_plugin_is_elementor":false,"_links":{"self":[{"href":"https:\/\/n-p-b.com\/index.php\/wp-json\/wp\/v2\/pages\/341","targetHints":{"allow":["GET"]}}],"collection":[{"href":"https:\/\/n-p-b.com\/index.php\/wp-json\/wp\/v2\/pages"}],"about":[{"href":"https:\/\/n-p-b.com\/index.php\/wp-json\/wp\/v2\/types\/page"}],"author":[{"embeddable":true,"href":"https:\/\/n-p-b.com\/index.php\/wp-json\/wp\/v2\/users\/1"}],"replies":[{"embeddable":true,"href":"https:\/\/n-p-b.com\/index.php\/wp-json\/wp\/v2\/comments?post=341"}],"version-history":[{"count":4,"href":"https:\/\/n-p-b.com\/index.php\/wp-json\/wp\/v2\/pages\/341\/revisions"}],"predecessor-version":[{"id":345,"href":"https:\/\/n-p-b.com\/index.php\/wp-json\/wp\/v2\/pages\/341\/revisions\/345"}],"wp:attachment":[{"href":"https:\/\/n-p-b.com\/index.php\/wp-json\/wp\/v2\/media?parent=341"}],"curies":[{"name":"wp","href":"https:\/\/api.w.org\/{rel}","templated":true}]}}