{"id":346,"date":"2025-10-21T15:40:13","date_gmt":"2025-10-21T15:40:13","guid":{"rendered":"https:\/\/n-p-b.com\/?page_id=346"},"modified":"2025-10-21T15:42:51","modified_gmt":"2025-10-21T15:42:51","slug":"politique-de-cookies","status":"publish","type":"page","link":"https:\/\/n-p-b.com\/index.php\/politique-de-cookies\/","title":{"rendered":"Politique de Cookies"},"content":{"rendered":"\t\t<div data-elementor-type=\"wp-page\" data-elementor-id=\"346\" class=\"elementor elementor-346\">\n\t\t\t\t<div class=\"elementor-element elementor-element-7797b21a e-flex e-con-boxed wpr-particle-no wpr-jarallax-no wpr-parallax-no wpr-sticky-section-no e-con e-parent\" data-id=\"7797b21a\" data-element_type=\"container\">\n\t\t\t\t\t<div class=\"e-con-inner\">\n\t\t\t\t<div class=\"elementor-element elementor-element-ac4bc56 animated-slow elementor-invisible elementor-widget elementor-widget-heading\" data-id=\"ac4bc56\" data-element_type=\"widget\" data-settings=\"{&quot;_animation&quot;:&quot;fadeIn&quot;,&quot;_animation_delay&quot;:400}\" data-widget_type=\"heading.default\">\n\t\t\t\t\t<h2 class=\"elementor-heading-title elementor-size-default\">Politique de Cookies<\/h2>\t\t\t\t<\/div>\n\t\t\t\t<div class=\"elementor-element elementor-element-3af053d animated-slow elementor-invisible elementor-widget elementor-widget-heading\" data-id=\"3af053d\" data-element_type=\"widget\" data-settings=\"{&quot;_animation&quot;:&quot;fadeIn&quot;,&quot;_animation_delay&quot;:400}\" data-widget_type=\"heading.default\">\n\t\t\t\t\t<h2 class=\"elementor-heading-title elementor-size-default\">Qu\u2019est-ce qu\u2019un cookie ?<\/h2>\t\t\t\t<\/div>\n\t\t\t\t<div class=\"elementor-element elementor-element-6dcc97d elementor-widget elementor-widget-text-editor\" data-id=\"6dcc97d\" data-element_type=\"widget\" data-widget_type=\"text-editor.default\">\n\t\t\t\t\t\t\t\t\t<p data-start=\"177\" data-end=\"400\">Un <strong data-start=\"159\" data-end=\"169\">cookie<\/strong> est un petit fichier texte d\u00e9pos\u00e9 sur votre terminal (ordinateur, tablette, smartphone) lors de votre visite sur notre site.<br data-start=\"294\" data-end=\"297\" \/>Les cookies permettent \u00e0 <strong data-start=\"322\" data-end=\"329\">NPB<\/strong> de reconna\u00eetre votre navigateur, de faciliter votre navigation et de vous offrir une exp\u00e9rience personnalis\u00e9e lors de vos visites ult\u00e9rieures.<\/p>\t\t\t\t\t\t\t\t<\/div>\n\t\t\t\t<div class=\"elementor-element elementor-element-a8a68ea animated-slow elementor-invisible elementor-widget elementor-widget-heading\" data-id=\"a8a68ea\" data-element_type=\"widget\" data-settings=\"{&quot;_animation&quot;:&quot;fadeIn&quot;,&quot;_animation_delay&quot;:400}\" data-widget_type=\"heading.default\">\n\t\t\t\t\t<h2 class=\"elementor-heading-title elementor-size-default\">Les cookies que nous utilisons<\/h2>\t\t\t\t<\/div>\n\t\t\t\t<div class=\"elementor-element elementor-element-229f15e elementor-widget elementor-widget-text-editor\" data-id=\"229f15e\" data-element_type=\"widget\" data-widget_type=\"text-editor.default\">\n\t\t\t\t\t\t\t\t\t<p data-start=\"514\" data-end=\"598\">Le site <a class=\"decorated-link\" href=\"https:\/\/n-p-b.com\" target=\"_new\" rel=\"noopener\" data-start=\"522\" data-end=\"560\">https:\/\/n-p-b.com<\/a> utilise diff\u00e9rents types de cookies :<\/p><h3 data-start=\"600\" data-end=\"627\">1. Cookies techniques<\/h3><p data-start=\"628\" data-end=\"860\">Ces cookies sont <strong data-start=\"645\" data-end=\"693\">indispensables au bon fonctionnement du site<\/strong>. Ils permettent d\u2019assurer la s\u00e9curit\u00e9, la fluidit\u00e9 de navigation et l\u2019acc\u00e8s \u00e0 certaines fonctionnalit\u00e9s essentielles (connexion, panier, pr\u00e9f\u00e9rences de langue, etc.).<\/p><h3 data-start=\"862\" data-end=\"894\">2. Cookies de performances<\/h3><p data-start=\"895\" data-end=\"1100\">Ils servent \u00e0 <strong data-start=\"909\" data-end=\"931\">mesurer l\u2019audience<\/strong>, \u00e0 analyser la fr\u00e9quentation et l\u2019utilisation du site afin d\u2019en am\u00e9liorer le contenu et les fonctionnalit\u00e9s (par exemple via Google Analytics ou des outils similaires).<\/p><h3 data-start=\"1102\" data-end=\"1131\">3. Cookies fonctionnels<\/h3><p data-start=\"1132\" data-end=\"1285\">Ces cookies permettent de <strong data-start=\"1158\" data-end=\"1187\">m\u00e9moriser vos pr\u00e9f\u00e9rences<\/strong> (langue, r\u00e9gion, informations de connexion) et de <strong data-start=\"1238\" data-end=\"1284\">personnaliser votre exp\u00e9rience utilisateur<\/strong>.<\/p><h3 data-start=\"1287\" data-end=\"1317\">4. Cookies publicitaires<\/h3><p data-start=\"1318\" data-end=\"1461\">Ils sont utilis\u00e9s pour <strong data-start=\"1341\" data-end=\"1388\">proposer des contenus et publicit\u00e9s adapt\u00e9s<\/strong> \u00e0 vos centres d\u2019int\u00e9r\u00eat, sur notre site comme sur des sites partenaires.<\/p>\t\t\t\t\t\t\t\t<\/div>\n\t\t\t\t<div class=\"elementor-element elementor-element-e267fbf animated-slow elementor-invisible elementor-widget elementor-widget-heading\" data-id=\"e267fbf\" data-element_type=\"widget\" data-settings=\"{&quot;_animation&quot;:&quot;fadeIn&quot;,&quot;_animation_delay&quot;:400}\" data-widget_type=\"heading.default\">\n\t\t\t\t\t<h2 class=\"elementor-heading-title elementor-size-default\">Gestion des cookies<\/h2>\t\t\t\t<\/div>\n\t\t\t\t<div class=\"elementor-element elementor-element-0f85680 elementor-widget elementor-widget-text-editor\" data-id=\"0f85680\" data-element_type=\"widget\" data-widget_type=\"text-editor.default\">\n\t\t\t\t\t\t\t\t\t<p data-start=\"1492\" data-end=\"1726\">Vous pouvez <strong data-start=\"1504\" data-end=\"1555\">\u00e0 tout moment choisir de d\u00e9sactiver les cookies<\/strong> ou de modifier vos pr\u00e9f\u00e9rences.<br data-start=\"1587\" data-end=\"1590\" \/>Votre navigateur peut \u00eatre configur\u00e9 pour vous signaler les cookies d\u00e9pos\u00e9s sur votre appareil et vous permettre de les accepter ou non.<\/p><p data-start=\"1728\" data-end=\"1968\">Vous pouvez accepter ou refuser les cookies <strong data-start=\"1772\" data-end=\"1790\">au cas par cas<\/strong> ou les <strong data-start=\"1798\" data-end=\"1826\">refuser syst\u00e9matiquement<\/strong>.<br data-start=\"1827\" data-end=\"1830\" \/>Veuillez noter que le refus de certains cookies peut alt\u00e9rer le fonctionnement du site ou limiter votre acc\u00e8s \u00e0 certaines fonctionnalit\u00e9s.<\/p>\t\t\t\t\t\t\t\t<\/div>\n\t\t\t\t<div class=\"elementor-element elementor-element-bf968e3 animated-slow elementor-invisible elementor-widget elementor-widget-heading\" data-id=\"bf968e3\" data-element_type=\"widget\" data-settings=\"{&quot;_animation&quot;:&quot;fadeIn&quot;,&quot;_animation_delay&quot;:400}\" data-widget_type=\"heading.default\">\n\t\t\t\t\t<h2 class=\"elementor-heading-title elementor-size-default\">Comment g\u00e9rer vos cookies selon votre navigateur<\/h2>\t\t\t\t<\/div>\n\t\t\t\t<div class=\"elementor-element elementor-element-c98fd47 elementor-widget elementor-widget-text-editor\" data-id=\"c98fd47\" data-element_type=\"widget\" data-widget_type=\"text-editor.default\">\n\t\t\t\t\t\t\t\t\t<p data-start=\"2028\" data-end=\"2117\">Voici les \u00e9tapes \u00e0 suivre pour param\u00e9trer la gestion des cookies selon votre navigateur :<\/p><ul data-start=\"2119\" data-end=\"2400\"><li data-start=\"2119\" data-end=\"2221\"><p data-start=\"2121\" data-end=\"2221\"><strong data-start=\"2121\" data-end=\"2133\">Chrome :<\/strong> Menu \u2192 Param\u00e8tres \u2192 Confidentialit\u00e9 et s\u00e9curit\u00e9 \u2192 Cookies et autres donn\u00e9es des sites<\/p><\/li><li data-start=\"2222\" data-end=\"2279\"><p data-start=\"2224\" data-end=\"2279\"><strong data-start=\"2224\" data-end=\"2237\">Firefox :<\/strong> Menu \u2192 Options \u2192 Vie priv\u00e9e et s\u00e9curit\u00e9<\/p><\/li><li data-start=\"2280\" data-end=\"2326\"><p data-start=\"2282\" data-end=\"2326\"><strong data-start=\"2282\" data-end=\"2294\">Safari :<\/strong> Pr\u00e9f\u00e9rences \u2192 Confidentialit\u00e9<\/p><\/li><li data-start=\"2327\" data-end=\"2400\"><p data-start=\"2329\" data-end=\"2400\"><strong data-start=\"2329\" data-end=\"2339\">Edge :<\/strong> Menu \u2192 Param\u00e8tres \u2192 Confidentialit\u00e9, recherche et services<\/p><\/li><\/ul><p data-start=\"2402\" data-end=\"2542\">La configuration de chaque navigateur \u00e9tant diff\u00e9rente, vous pouvez consulter le menu <strong data-start=\"2488\" data-end=\"2496\">Aide<\/strong> de votre navigateur pour plus d\u2019informations.<\/p>\t\t\t\t\t\t\t\t<\/div>\n\t\t\t\t<div class=\"elementor-element elementor-element-0f23376 animated-slow elementor-invisible elementor-widget elementor-widget-heading\" data-id=\"0f23376\" data-element_type=\"widget\" data-settings=\"{&quot;_animation&quot;:&quot;fadeIn&quot;,&quot;_animation_delay&quot;:400}\" data-widget_type=\"heading.default\">\n\t\t\t\t\t<h2 class=\"elementor-heading-title elementor-size-default\">Plus d\u2019informations<\/h2>\t\t\t\t<\/div>\n\t\t\t\t<div class=\"elementor-element elementor-element-e423d5c elementor-widget elementor-widget-text-editor\" data-id=\"e423d5c\" data-element_type=\"widget\" data-widget_type=\"text-editor.default\">\n\t\t\t\t\t\t\t\t\t<p data-start=\"1668\" data-end=\"1882\">Pour toute question relative \u00e0 la gestion ou \u00e0 l\u2019utilisation des cookies sur notre site, vous pouvez nous contacter \u00e0 :<br data-start=\"2692\" data-end=\"2695\" \/>\ud83d\udce7 <strong data-start=\"2698\" data-end=\"2719\"><a class=\"decorated-link cursor-pointer\" rel=\"noopener\" data-start=\"2700\" data-end=\"2717\">contact@n-p-b.com<\/a><\/strong><br data-start=\"2719\" data-end=\"2722\" \/>\ud83d\udccd <strong data-start=\"2725\" data-end=\"2787\">NPB \u2014 71 Boulevard de la Comtesse, 13012 MARSEILLE, FRANCE<\/strong><\/p>\t\t\t\t\t\t\t\t<\/div>\n\t\t\t\t\t<\/div>\n\t\t\t\t<\/div>\n\t\t\t\t<\/div>\n\t\t","protected":false},"excerpt":{"rendered":"<p>Politique de Cookies Qu\u2019est-ce qu\u2019un cookie ? Un cookie est un petit fichier texte d\u00e9pos\u00e9 sur votre terminal (ordinateur, tablette, smartphone) lors de votre visite sur notre site.Les cookies permettent \u00e0 NPB de reconna\u00eetre votre navigateur, de faciliter votre navigation et de vous offrir une exp\u00e9rience personnalis\u00e9e lors de vos visites ult\u00e9rieures. Les cookies que nous utilisons Le site https:\/\/n-p-b.com utilise diff\u00e9rents types de cookies : 1. Cookies techniques Ces cookies sont indispensables au bon fonctionnement du site. Ils permettent d\u2019assurer la s\u00e9curit\u00e9, la fluidit\u00e9 de navigation et l\u2019acc\u00e8s \u00e0 certaines fonctionnalit\u00e9s essentielles (connexion, panier, pr\u00e9f\u00e9rences de langue, etc.). 2. Cookies de performances Ils servent \u00e0 mesurer l\u2019audience, \u00e0 analyser la fr\u00e9quentation et l\u2019utilisation du site afin d\u2019en am\u00e9liorer le contenu et les fonctionnalit\u00e9s (par exemple via Google Analytics ou des outils similaires). 3. Cookies fonctionnels Ces cookies permettent de m\u00e9moriser vos pr\u00e9f\u00e9rences (langue, r\u00e9gion, informations de connexion) et de personnaliser votre exp\u00e9rience utilisateur. 4. Cookies publicitaires Ils sont utilis\u00e9s pour proposer des contenus et publicit\u00e9s adapt\u00e9s \u00e0 vos centres d\u2019int\u00e9r\u00eat, sur notre site comme sur des sites partenaires. Gestion des cookies Vous pouvez \u00e0 tout moment choisir de d\u00e9sactiver les cookies ou de modifier vos pr\u00e9f\u00e9rences.Votre navigateur peut \u00eatre configur\u00e9 pour vous signaler les cookies d\u00e9pos\u00e9s sur votre appareil et vous permettre de les accepter ou non. Vous pouvez accepter ou refuser les cookies au cas par cas ou les refuser syst\u00e9matiquement.Veuillez noter que le refus de certains cookies peut alt\u00e9rer le fonctionnement du site ou limiter votre acc\u00e8s \u00e0 certaines fonctionnalit\u00e9s. Comment g\u00e9rer vos cookies selon votre navigateur Voici les \u00e9tapes \u00e0 suivre pour param\u00e9trer la gestion des cookies selon votre navigateur : Chrome : Menu \u2192 Param\u00e8tres \u2192 Confidentialit\u00e9 et s\u00e9curit\u00e9 \u2192 Cookies et autres donn\u00e9es des sites Firefox : Menu \u2192 Options \u2192 Vie priv\u00e9e et s\u00e9curit\u00e9 Safari : Pr\u00e9f\u00e9rences \u2192 Confidentialit\u00e9 Edge : Menu \u2192 Param\u00e8tres \u2192 Confidentialit\u00e9, recherche et services La configuration de chaque navigateur \u00e9tant diff\u00e9rente, vous pouvez consulter le menu Aide de votre navigateur pour plus d\u2019informations. Plus d\u2019informations Pour toute question relative \u00e0 la gestion ou \u00e0 l\u2019utilisation des cookies sur notre site, vous pouvez nous contacter \u00e0 :\ud83d\udce7 contact@n-p-b.com\ud83d\udccd NPB \u2014 71 Boulevard de la Comtesse, 13012 MARSEILLE, FRANCE<\/p>\n","protected":false},"author":1,"featured_media":0,"parent":0,"menu_order":0,"comment_status":"closed","ping_status":"closed","template":"elementor_header_footer","meta":{"_eb_attr":"","footnotes":""},"class_list":["post-346","page","type-page","status-publish","hentry"],"_hostinger_reach_plugin_has_subscription_block":false,"_hostinger_reach_plugin_is_elementor":false,"_links":{"self":[{"href":"https:\/\/n-p-b.com\/index.php\/wp-json\/wp\/v2\/pages\/346","targetHints":{"allow":["GET"]}}],"collection":[{"href":"https:\/\/n-p-b.com\/index.php\/wp-json\/wp\/v2\/pages"}],"about":[{"href":"https:\/\/n-p-b.com\/index.php\/wp-json\/wp\/v2\/types\/page"}],"author":[{"embeddable":true,"href":"https:\/\/n-p-b.com\/index.php\/wp-json\/wp\/v2\/users\/1"}],"replies":[{"embeddable":true,"href":"https:\/\/n-p-b.com\/index.php\/wp-json\/wp\/v2\/comments?post=346"}],"version-history":[{"count":4,"href":"https:\/\/n-p-b.com\/index.php\/wp-json\/wp\/v2\/pages\/346\/revisions"}],"predecessor-version":[{"id":350,"href":"https:\/\/n-p-b.com\/index.php\/wp-json\/wp\/v2\/pages\/346\/revisions\/350"}],"wp:attachment":[{"href":"https:\/\/n-p-b.com\/index.php\/wp-json\/wp\/v2\/media?parent=346"}],"curies":[{"name":"wp","href":"https:\/\/api.w.org\/{rel}","templated":true}]}}